{"id":66,"date":"2022-09-09T11:58:50","date_gmt":"2022-09-09T09:58:50","guid":{"rendered":"http:\/\/c2a-economie.fr\/ph9914-ovh\/?page_id=66"},"modified":"2023-08-04T12:04:19","modified_gmt":"2023-08-04T10:04:19","slug":"nos-metiers","status":"publish","type":"page","link":"http:\/\/c2a-economie.fr\/ph9914-ovh\/?page_id=66","title":{"rendered":"nos m\u00e9tiers"},"content":{"rendered":"\n<p><strong>C2A<\/strong> met ses comp\u00e9tences en ing\u00e9nierie au service des entreprises du b\u00e2timent, des architectes et bureaux d\u2019\u00e9tudes, des ma\u00eetres d\u2019ouvrage publics et priv\u00e9s, des assureurs, experts et avocats.<\/p>\n\n\n\n<p>Nous vous accompagnons dans vos missions d\u2019\u00e9conomie de la construction pour tous les secteurs d\u2019activit\u00e9s, pour l\u2019\u00e9tablissement de m\u00e9tr\u00e9s, de quantitatifs, la r\u00e9alisation d\u2019estimation, d\u2019\u00e9tudes de prix.<\/p>\n\n\n\n<div style=\"height:40px\" aria-hidden=\"true\" class=\"wp-block-spacer\"><\/div>\n\n\n\n<p class=\"has-background\" style=\"background:linear-gradient(100deg,rgba(252,185,0,1) 0%,rgba(255,105,0,1) 100%)\"><strong>Vous \u00eates Ma\u00eetre d\u2019ouvrage<\/strong><\/p>\n\n\n\n<p>Investisseurs, industriels, \u00e9tablissements publics, nous vous conseillons pour vos projets de construction :<\/p>\n\n\n\n<p>&gt; \u00c9tude de faisabilit\u00e9<br>&gt; Diagnostic de b\u00e2timent<br>&gt; Assistance pour l\u2019analyse de concours de ma\u00eetrise d\u2019\u0153uvre<br>&gt; Diagnostic d\u00e9chets issus de la d\u00e9molition de b\u00e2timents<\/p>\n\n\n\n<div style=\"height:40px\" aria-hidden=\"true\" class=\"wp-block-spacer\"><\/div>\n\n\n\n<p class=\"has-luminous-vivid-amber-to-luminous-vivid-orange-gradient-background has-background\"><strong>Vous \u00eates Ma\u00eetre d\u2019\u0153uvre, Architecte ou Bureau d\u2019\u00e9tudes<\/strong><\/p>\n\n\n\n<p>Nous collaborons avec vous pour des missions d\u2019ing\u00e9nierie :<\/p>\n\n\n\n<p>&gt; \u00c9tude de faisabilit\u00e9<br>&gt; Avant-projet sommaire<br>&gt; Avant-projet d\u00e9taill\u00e9<br>&gt; Dossier de consultation des entreprises<br>&gt; Assistance au march\u00e9 de travaux<\/p>\n\n\n\n<div style=\"height:40px\" aria-hidden=\"true\" class=\"wp-block-spacer\"><\/div>\n\n\n\n<p class=\"has-background\" style=\"background:linear-gradient(100deg,rgba(252,185,0,1) 0%,rgba(255,105,0,1) 100%)\"><strong>Vous \u00eates une Entreprise du b\u00e2timent<\/strong><\/p>\n\n\n\n<p>Nous r\u00e9alisons pour vous les missions suivantes :<\/p>\n\n\n\n<p>> Estimation pr\u00e9alable<br>> M\u00e9tr\u00e9s<br>> \u00c9tude de prix<br>\u2022 D\u00e9bours\u00e9s (main d\u2019\u0153uvre \u2013 mat\u00e9riaux)<br>\u2022 Frais de chantier<br>\u2022 Passage en vente et \u00e9tablissement du devis quantitatif estimatif<br>> Optimisation de projet<br>> Suivi financier du chantier<br>> \u00c9tablissement de dossier march\u00e9 dans le cadre d\u2019une op\u00e9ration en conception construction<br>> Outil informatique : logiciel d\u2019\u00e9tude de prix PROGAP WIN<\/p>\n\n\n\n<div style=\"height:40px\" aria-hidden=\"true\" class=\"wp-block-spacer\"><\/div>\n\n\n\n<p class=\"has-background\" style=\"background:linear-gradient(100deg,rgba(252,185,0,1) 0%,rgba(255,105,0,1) 100%)\"><strong>Vous \u00eates Assureur, Expert, Avocat<\/strong><\/p>\n\n\n\n<p>Nous \u00e9tudions pour vous&nbsp;:<\/p>\n\n\n\n<p>> Les devis r\u00e9alis\u00e9s pour la r\u00e9paration de sinistres (DO, RCD, S\u00e9cheresse, DDE\u2026)<br>      \u2022 Analyse des quantit\u00e9s<br>      \u2022 Analyse des prix unitaires<br>> L\u2019estimatif du chiffrage global d\u2019un dossier sinistre<\/p>\n","protected":false},"excerpt":{"rendered":"<p>C2A met ses comp\u00e9tences en ing\u00e9nierie au service des entreprises du b\u00e2timent, des architectes et bureaux d\u2019\u00e9tudes, des ma\u00eetres d\u2019ouvrage publics et priv\u00e9s, des assureurs, experts et avocats. Nous vous accompagnons dans vos missions d\u2019\u00e9conomie de la construction pour tous les secteurs d\u2019activit\u00e9s, pour l\u2019\u00e9tablissement de m\u00e9tr\u00e9s, de quantitatifs, la r\u00e9alisation d\u2019estimation, d\u2019\u00e9tudes de prix. &hellip; <\/p>\n<p class=\"link-more\"><a href=\"http:\/\/c2a-economie.fr\/ph9914-ovh\/?page_id=66\" class=\"more-link\">Continuer la lecture<span class=\"screen-reader-text\"> de &laquo;&nbsp;nos m\u00e9tiers&nbsp;&raquo;<\/span><\/a><\/p>\n","protected":false},"author":1,"featured_media":0,"parent":0,"menu_order":0,"comment_status":"closed","ping_status":"closed","template":"","meta":{"footnotes":""},"class_list":["post-66","page","type-page","status-publish","hentry"],"_links":{"self":[{"href":"http:\/\/c2a-economie.fr\/ph9914-ovh\/index.php?rest_route=\/wp\/v2\/pages\/66","targetHints":{"allow":["GET"]}}],"collection":[{"href":"http:\/\/c2a-economie.fr\/ph9914-ovh\/index.php?rest_route=\/wp\/v2\/pages"}],"about":[{"href":"http:\/\/c2a-economie.fr\/ph9914-ovh\/index.php?rest_route=\/wp\/v2\/types\/page"}],"author":[{"embeddable":true,"href":"http:\/\/c2a-economie.fr\/ph9914-ovh\/index.php?rest_route=\/wp\/v2\/users\/1"}],"replies":[{"embeddable":true,"href":"http:\/\/c2a-economie.fr\/ph9914-ovh\/index.php?rest_route=%2Fwp%2Fv2%2Fcomments&post=66"}],"version-history":[{"count":11,"href":"http:\/\/c2a-economie.fr\/ph9914-ovh\/index.php?rest_route=\/wp\/v2\/pages\/66\/revisions"}],"predecessor-version":[{"id":702,"href":"http:\/\/c2a-economie.fr\/ph9914-ovh\/index.php?rest_route=\/wp\/v2\/pages\/66\/revisions\/702"}],"wp:attachment":[{"href":"http:\/\/c2a-economie.fr\/ph9914-ovh\/index.php?rest_route=%2Fwp%2Fv2%2Fmedia&parent=66"}],"curies":[{"name":"wp","href":"https:\/\/api.w.org\/{rel}","templated":true}]}}